{"id":9,"date":"2024-03-20T05:55:35","date_gmt":"2024-03-20T05:55:35","guid":{"rendered":"https:\/\/tannay.nl\/?page_id=9"},"modified":"2026-03-12T08:44:03","modified_gmt":"2026-03-12T08:44:03","slug":"prive","status":"publish","type":"page","link":"https:\/\/tannay.nl\/fr\/private\/","title":{"rendered":"D\u00eener priv\u00e9"},"content":{"rendered":"","protected":false},"excerpt":{"rendered":"","protected":false},"author":1,"featured_media":0,"parent":0,"menu_order":0,"comment_status":"closed","ping_status":"closed","template":"","meta":{"_acf_changed":false,"footnotes":""},"class_list":["post-9","page","type-page","status-publish","hentry"],"acf":[],"yoast_head":"<!-- This site is optimized with the Yoast SEO plugin v27.3 - https:\/\/yoast.com\/product\/yoast-seo-wordpress\/ -->\n<title>Private Dining - Tannay<\/title>\n<meta name=\"description\" content=\"Voortgekomen uit onze familietraditie, cre\u00ebren we speciale plekken waar onze gasten worden verwelkomd in onze familie en wij hen in het warme hart daarvan plaatsen.\" \/>\n<meta name=\"robots\" content=\"index, follow, max-snippet:-1, max-image-preview:large, max-video-preview:-1\" \/>\n<link rel=\"canonical\" href=\"https:\/\/tannay.nl\/fr\/prive\/\" \/>\n<meta property=\"og:locale\" content=\"fr_FR\" \/>\n<meta property=\"og:type\" content=\"article\" \/>\n<meta property=\"og:title\" content=\"Private Dining - Tannay\" \/>\n<meta property=\"og:description\" content=\"Voortgekomen uit onze familietraditie, cre\u00ebren we speciale plekken waar onze gasten worden verwelkomd in onze familie en wij hen in het warme hart daarvan plaatsen.\" \/>\n<meta property=\"og:url\" content=\"https:\/\/tannay.nl\/fr\/prive\/\" \/>\n<meta property=\"og:site_name\" content=\"Tannay\" \/>\n<meta property=\"article:modified_time\" content=\"2026-03-12T08:44:03+00:00\" \/>\n<meta property=\"og:image\" content=\"https:\/\/tannay.nl\/wp-content\/uploads\/2024\/03\/team.jpg\" \/>\n\t<meta property=\"og:image:width\" content=\"1370\" \/>\n\t<meta property=\"og:image:height\" content=\"995\" \/>\n\t<meta property=\"og:image:type\" content=\"image\/jpeg\" \/>\n<meta name=\"twitter:card\" content=\"summary_large_image\" \/>\n<meta name=\"twitter:label1\" content=\"Dur\u00e9e de lecture estim\u00e9e\" \/>\n\t<meta name=\"twitter:data1\" content=\"2 minutes\" \/>\n<script type=\"application\/ld+json\" class=\"yoast-schema-graph\">{\"@context\":\"https:\\\/\\\/schema.org\",\"@graph\":[{\"@type\":\"WebPage\",\"@id\":\"https:\\\/\\\/tannay.nl\\\/private\\\/\",\"url\":\"https:\\\/\\\/tannay.nl\\\/private\\\/\",\"name\":\"Private Dining - Tannay\",\"isPartOf\":{\"@id\":\"https:\\\/\\\/tannay.nl\\\/#website\"},\"datePublished\":\"2024-03-20T05:55:35+00:00\",\"dateModified\":\"2026-03-12T08:44:03+00:00\",\"description\":\"Voortgekomen uit onze familietraditie, cre\u00ebren we speciale plekken waar onze gasten worden verwelkomd in onze familie en wij hen in het warme hart daarvan plaatsen.\",\"breadcrumb\":{\"@id\":\"https:\\\/\\\/tannay.nl\\\/private\\\/#breadcrumb\"},\"inLanguage\":\"fr-FR\",\"potentialAction\":[{\"@type\":\"ReadAction\",\"target\":[\"https:\\\/\\\/tannay.nl\\\/private\\\/\"]}]},{\"@type\":\"BreadcrumbList\",\"@id\":\"https:\\\/\\\/tannay.nl\\\/private\\\/#breadcrumb\",\"itemListElement\":[{\"@type\":\"ListItem\",\"position\":1,\"name\":\"Home\",\"item\":\"https:\\\/\\\/tannay.nl\\\/\"},{\"@type\":\"ListItem\",\"position\":2,\"name\":\"Private Dining\"}]},{\"@type\":\"WebSite\",\"@id\":\"https:\\\/\\\/tannay.nl\\\/#website\",\"url\":\"https:\\\/\\\/tannay.nl\\\/\",\"name\":\"Tannay\",\"description\":\"\",\"potentialAction\":[{\"@type\":\"SearchAction\",\"target\":{\"@type\":\"EntryPoint\",\"urlTemplate\":\"https:\\\/\\\/tannay.nl\\\/?s={search_term_string}\"},\"query-input\":{\"@type\":\"PropertyValueSpecification\",\"valueRequired\":true,\"valueName\":\"search_term_string\"}}],\"inLanguage\":\"fr-FR\"}]}<\/script>\n<!-- \/ Yoast SEO plugin. -->","yoast_head_json":{"title":"D\u00eener priv\u00e9 - Tannay","description":"N\u00e9s de notre tradition familiale, nous cr\u00e9ons des lieux sp\u00e9ciaux o\u00f9 nos h\u00f4tes sont accueillis au sein de notre famille et o\u00f9 nous les pla\u00e7ons dans son c\u0153ur chaleureux.","robots":{"index":"index","follow":"follow","max-snippet":"max-snippet:-1","max-image-preview":"max-image-preview:large","max-video-preview":"max-video-preview:-1"},"canonical":"https:\/\/tannay.nl\/fr\/prive\/","og_locale":"fr_FR","og_type":"article","og_title":"Private Dining - Tannay","og_description":"Voortgekomen uit onze familietraditie, cre\u00ebren we speciale plekken waar onze gasten worden verwelkomd in onze familie en wij hen in het warme hart daarvan plaatsen.","og_url":"https:\/\/tannay.nl\/fr\/prive\/","og_site_name":"Tannay","article_modified_time":"2026-03-12T08:44:03+00:00","og_image":[{"width":1370,"height":995,"url":"https:\/\/tannay.nl\/wp-content\/uploads\/2024\/03\/team.jpg","type":"image\/jpeg"}],"twitter_card":"summary_large_image","twitter_misc":{"Dur\u00e9e de lecture estim\u00e9e":"2 minutes"},"schema":{"@context":"https:\/\/schema.org","@graph":[{"@type":"WebPage","@id":"https:\/\/tannay.nl\/private\/","url":"https:\/\/tannay.nl\/private\/","name":"D\u00eener priv\u00e9 - Tannay","isPartOf":{"@id":"https:\/\/tannay.nl\/#website"},"datePublished":"2024-03-20T05:55:35+00:00","dateModified":"2026-03-12T08:44:03+00:00","description":"N\u00e9s de notre tradition familiale, nous cr\u00e9ons des lieux sp\u00e9ciaux o\u00f9 nos h\u00f4tes sont accueillis au sein de notre famille et o\u00f9 nous les pla\u00e7ons dans son c\u0153ur chaleureux.","breadcrumb":{"@id":"https:\/\/tannay.nl\/private\/#breadcrumb"},"inLanguage":"fr-FR","potentialAction":[{"@type":"ReadAction","target":["https:\/\/tannay.nl\/private\/"]}]},{"@type":"BreadcrumbList","@id":"https:\/\/tannay.nl\/private\/#breadcrumb","itemListElement":[{"@type":"ListItem","position":1,"name":"Home","item":"https:\/\/tannay.nl\/"},{"@type":"ListItem","position":2,"name":"Private Dining"}]},{"@type":"WebSite","@id":"https:\/\/tannay.nl\/#website","url":"https:\/\/tannay.nl\/","name":"Tannay","description":"","potentialAction":[{"@type":"SearchAction","target":{"@type":"EntryPoint","urlTemplate":"https:\/\/tannay.nl\/?s={search_term_string}"},"query-input":{"@type":"PropertyValueSpecification","valueRequired":true,"valueName":"search_term_string"}}],"inLanguage":"fr-FR"}]}},"_links":{"self":[{"href":"https:\/\/tannay.nl\/fr\/wp-json\/wp\/v2\/pages\/9","targetHints":{"allow":["GET"]}}],"collection":[{"href":"https:\/\/tannay.nl\/fr\/wp-json\/wp\/v2\/pages"}],"about":[{"href":"https:\/\/tannay.nl\/fr\/wp-json\/wp\/v2\/types\/page"}],"author":[{"embeddable":true,"href":"https:\/\/tannay.nl\/fr\/wp-json\/wp\/v2\/users\/1"}],"replies":[{"embeddable":true,"href":"https:\/\/tannay.nl\/fr\/wp-json\/wp\/v2\/comments?post=9"}],"version-history":[{"count":25,"href":"https:\/\/tannay.nl\/fr\/wp-json\/wp\/v2\/pages\/9\/revisions"}],"predecessor-version":[{"id":819,"href":"https:\/\/tannay.nl\/fr\/wp-json\/wp\/v2\/pages\/9\/revisions\/819"}],"wp:attachment":[{"href":"https:\/\/tannay.nl\/fr\/wp-json\/wp\/v2\/media?parent=9"}],"curies":[{"name":"wp","href":"https:\/\/api.w.org\/{rel}","templated":true}]}}